{"id":3648,"date":"2017-03-18T23:09:42","date_gmt":"2017-03-18T22:09:42","guid":{"rendered":"http:\/\/www.auroratrezzo.it\/wordpress\/?page_id=3648"},"modified":"2017-03-18T23:19:41","modified_gmt":"2017-03-18T22:19:41","slug":"summer-camp-domande-e-risposte","status":"publish","type":"page","link":"http:\/\/www.auroratrezzo.it\/wordpress\/summer-camp-domande-e-risposte\/","title":{"rendered":"Summer Camp &#8211; Domande e risposte"},"content":{"rendered":"<p><strong>Mio figlio non \u00e8 mai andato via solo e non so se sapr\u00e0 gestirsi&#8230; saranno &#8220;sorvegliati, controllati, aiutati e coccolati&#8221; ?<\/strong><\/p>\n<p>Si, saranno\u00a0&#8220;sorvegliati, controllati, aiutati e coccolati&#8221;. Oltre agli istruttori, ci saranno anche degli accompagnatori, compreso un medico.<\/p>\n<p>Tutti saranno sempre presenti, anche di notte: le camere degli istruttori sono su ogni piano dell&#8217;albergo. I ragazzi dovranno occuparsi dell&#8217;ordine e della pulizia propria e delle camere: ci saranno controlli e premi per i pi\u00f9 ordinati.<\/p>\n<p><strong>Sono ammessi i cellulari ?<\/strong><\/p>\n<p>No, saranno ritirati dagli istruttori ad inizio camp e restituiti a fine camp.<\/p>\n<p><strong>Come si pu\u00f2 comunicare con i ragazzi ?<\/strong><\/p>\n<p>Si potr\u00e0 chiamare in orari stabiliti in albergo. Per le urgenze ci saranno i contatti diretti con i dirigenti Aurora o con gli istruttori responsabili al Camp. Verr\u00e0 attivato un gruppo WhatsApp dove ci potr\u00e0 essere un contatto diretto con gli istruttori e dove verranno comunicate le varie attivit\u00e0 dei ragazzi (vi stancherete anche voi genitori, nel vedere tutto quello che faranno).<\/p>\n<p><strong>Posso decidere con chi stare in camera ?<\/strong><\/p>\n<p>Si, dopo il periodo di iscrizione, nella seconda met\u00e0 di Aprile, si dovr\u00e0 compilare un questionario medico ed una scheda dove si richieder\u00e0 anche la possibilit\u00e0 di inserire le preferenze delle camere. Le camere sono da 3 o 4 posti letto.<\/p>\n<p><strong>Ci sar\u00e0 solo basket ?<\/strong><\/p>\n<p>No, diverse saranno le attivit\u00e0 sia sportive e non: visite al caseificio, fattorie, lavori con la creta, cinema&#8230; queste alcune attivit\u00e0 svolte nel precedente Camp.<\/p>\n<p><strong>Giornata tipo:<\/strong><\/p>\n<p>08.00-DRIN..DRIN..sveglia<\/p>\n<p>08.30-colazione<\/p>\n<p>09.30-ritrovo palazzetto<\/p>\n<p>10.00-attivit\u00e0 sportive sui campi<\/p>\n<p>12.00-rientro in albergo<\/p>\n<p>12.30-Pranzo<\/p>\n<p>14.00-Riposo, tempo libero, animazione<\/p>\n<p>15.30-attivit\u00e0 sportive sui campi<\/p>\n<p>16.30-Merenda<\/p>\n<p>17.00-Tornei, gare<\/p>\n<p>19.00-Conclusione attivit\u00e0, doccia<\/p>\n<p>19.30-Cena<\/p>\n<p>21.00-Animazione serale<\/p>\n<p>22.30-Buona notte &#8211; luci spente<\/p>\n<p style=\"text-align: center;\"><span style=\"color: #ff0000;\">Se avete altre domande, invaitele a <a href=\"mailto: summercamp@auroratrezzo.it\">summercamp@auroratrezzo.it<\/a> o sulla <a href=\"https:\/\/www.facebook.com\/www.auroratrezzo.it\/\" target=\"_blank\">pagina facebook<\/a><\/span><\/p>\n<p>&nbsp;<\/p>\n","protected":false},"excerpt":{"rendered":"<p>Mio figlio non \u00e8 mai andato via solo e non so se sapr\u00e0 gestirsi&#8230; saranno &#8220;sorvegliati, controllati, aiutati e coccolati&#8221; ? Si, saranno\u00a0&#8220;sorvegliati, controllati, aiutati e coccolati&#8221;. Oltre agli istruttori, ci saranno anche degli accompagnatori, compreso un medico. Tutti saranno sempre presenti, anche di notte: le camere degli istruttori sono su ogni piano dell&#8217;albergo. I [&hellip;]<\/p>\n","protected":false},"author":1,"featured_media":0,"parent":0,"menu_order":0,"comment_status":"closed","ping_status":"closed","template":"","meta":{"_exactmetrics_skip_tracking":false,"_exactmetrics_sitenote_active":false,"_exactmetrics_sitenote_note":"","_exactmetrics_sitenote_category":0,"footnotes":""},"class_list":["post-3648","page","type-page","status-publish","hentry"],"_links":{"self":[{"href":"http:\/\/www.auroratrezzo.it\/wordpress\/wp-json\/wp\/v2\/pages\/3648","targetHints":{"allow":["GET"]}}],"collection":[{"href":"http:\/\/www.auroratrezzo.it\/wordpress\/wp-json\/wp\/v2\/pages"}],"about":[{"href":"http:\/\/www.auroratrezzo.it\/wordpress\/wp-json\/wp\/v2\/types\/page"}],"author":[{"embeddable":true,"href":"http:\/\/www.auroratrezzo.it\/wordpress\/wp-json\/wp\/v2\/users\/1"}],"replies":[{"embeddable":true,"href":"http:\/\/www.auroratrezzo.it\/wordpress\/wp-json\/wp\/v2\/comments?post=3648"}],"version-history":[{"count":4,"href":"http:\/\/www.auroratrezzo.it\/wordpress\/wp-json\/wp\/v2\/pages\/3648\/revisions"}],"predecessor-version":[{"id":3656,"href":"http:\/\/www.auroratrezzo.it\/wordpress\/wp-json\/wp\/v2\/pages\/3648\/revisions\/3656"}],"wp:attachment":[{"href":"http:\/\/www.auroratrezzo.it\/wordpress\/wp-json\/wp\/v2\/media?parent=3648"}],"curies":[{"name":"wp","href":"https:\/\/api.w.org\/{rel}","templated":true}]}}